{"id":9,"date":"2026-03-05T01:50:49","date_gmt":"2026-03-05T01:50:49","guid":{"rendered":"https:\/\/internethogarec.com\/?page_id=9"},"modified":"2026-04-17T01:32:50","modified_gmt":"2026-04-17T01:32:50","slug":"asesor-comercial-de-xtrim","status":"publish","type":"page","link":"https:\/\/internethogarec.com\/","title":{"rendered":"Asesor Comercial de Xtrim"},"content":{"rendered":"\n<figure class=\"wp-block-image size-full\" id=\"Asesor-de-Xtrim-\"><img loading=\"lazy\" decoding=\"async\" width=\"1536\" height=\"1024\" src=\"https:\/\/internethogarec.com\/wp-content\/uploads\/2026\/04\/Portada-web-de-Xtrim-opt.png\" alt=\"\" class=\"wp-image-187\" srcset=\"https:\/\/internethogarec.com\/wp-content\/uploads\/2026\/04\/Portada-web-de-Xtrim-opt.png 1536w, https:\/\/internethogarec.com\/wp-content\/uploads\/2026\/04\/Portada-web-de-Xtrim-opt-300x200.png 300w, https:\/\/internethogarec.com\/wp-content\/uploads\/2026\/04\/Portada-web-de-Xtrim-opt-1024x683.png 1024w, https:\/\/internethogarec.com\/wp-content\/uploads\/2026\/04\/Portada-web-de-Xtrim-opt-768x512.png 768w\" sizes=\"auto, (max-width: 1536px) 100vw, 1536px\" \/><\/figure>\n\n\n\n<div class=\"wp-block-buttons alignfull is-content-justification-center is-layout-flex wp-container-core-buttons-is-layout-16018d1d wp-block-buttons-is-layout-flex\">\n<div class=\"wp-block-button has-custom-width wp-block-button__width-50 is-style-fill\" id=\"WhatsApp\"><a class=\"wp-block-button__link has-small-font-size has-text-align-center has-custom-font-size wp-element-button\" href=\"https:\/\/wa.me\/593996529589\" style=\"border-top-left-radius:37px;border-top-right-radius:37px;border-bottom-left-radius:37px;border-bottom-right-radius:37px\">CHATEA CON UN ASESOR POR WHATSAPP<\/a><\/div>\n<\/div>\n\n\n\n<p class=\"has-text-align-center has-text-color has-link-color has-large-font-size wp-elements-c253d89c0d940d01791c272865a5fe4f\" style=\"color:#050404\"><strong>CONEXI\u00d3N<\/strong><\/p>\n\n\n\n<p class=\"has-text-align-center\">Internet Xtrim te conecta con la m\u00e1xima velocidad y estabilidad ,disfruta de streaming, gaming y clases online sin interrupciones <\/p>\n\n\n\n<h2 class=\"wp-block-heading has-text-align-center has-text-color has-link-color wp-elements-cb4a6ca8a8c4335cc8ab2b622c9cc148\" id=\"Beneficios-\" style=\"color:#020209\"><strong>\u00bfPorque elegir Internet Xtrim ?<\/strong><\/h2>\n\n\n\n<p class=\"has-text-align-center\">Ofrecemos la mejor combinaci\u00f3n de velocidad, estabilidad y servicio al cliente nuestros planes incluyen equipos de alta gama con entretenimiento online.<\/p>\n\n\n\n<ul class=\"wp-block-list\">\n<li>Velocidad M\u00e1xima Hasta 1000 Megas para descargas y streaming sin l\u00edmites.<\/li>\n\n\n\n<li>Conexi\u00f3n Estable 99.9% de disponibilidad garantizada para tu tranquilidad.<\/li>\n\n\n\n<li>M\u00faltiples Dispositivos Conecta toda tu familia sin perder velocidad.<\/li>\n\n\n\n<li>Soporte 24\/7 Equipo de expertos siempre disponible para ayudarte. <\/li>\n<\/ul>\n\n\n\n<p><\/p>\n\n\n\n<div class=\"gb-element-53ff9566\">\n<div class=\"gb-element-dce1f099\">\n<div class=\"gb-element-13affa61\">\n<h2 class=\"gb-text gb-text-a34d26f0\"><strong>Planes dise\u00f1ados para ti <\/strong><\/h2>\n\n\n\n<p class=\"gb-text gb-text-b7f2c240\">Elige el plan perfecto para todas tus necesidades , todos incluyen instalaci\u00f3n sin costo con cualquier forma de pago <\/p>\n<\/div>\n\n\n\n<div class=\"gb-element-6affecf9\" id=\"Planes-Vigentes\">\n<div class=\"gb-element-7f162b05\">\n<h2 class=\"wp-block-heading has-text-color has-link-color has-large-font-size wp-elements-05bd1f19316b75ecbfdfa9ab7795d6d7\" id=\"Plan-Advance-\" style=\"color:#a020f0\"><strong>Plan Advance<\/strong><\/h2>\n\n\n\n<div class=\"gb-text gb-text-c430bf06\">500 Mbps ,con Zapping Plan Esencial, m\u00e1s conexi\u00f3n con  Wifi 6<\/div>\n\n\n\n<div class=\"gb-element-28090d15\">\n<p class=\"gb-text gb-text-6af39938\">$19.13 <\/p>\n<\/div>\n\n\n\n<ul class=\"gb-element-e83b9ab8\">\n<li class=\"gb-text-977fb855\"><span class=\"gb-shape\"><svg aria-hidden=\"true\" role=\"img\" height=\"1em\" width=\"1em\" viewBox=\"0 0 512 512\" xmlns=\"http:\/\/www.w3.org\/2000\/svg\"><path fill=\"currentColor\" d=\"M173.898 439.404l-166.4-166.4c-9.997-9.997-9.997-26.206 0-36.204l36.203-36.204c9.997-9.998 26.207-9.998 36.204 0L192 312.69 432.095 72.596c9.997-9.997 26.207-9.997 36.204 0l36.203 36.204c9.997 9.997 9.997 26.206 0 36.204l-294.4 294.401c-9.998 9.997-26.207 9.997-36.204-.001z\"><\/path><\/svg><\/span><span class=\"gb-text\">Instalaci\u00f3n sin costo<\/span><\/li>\n\n\n\n<li class=\"gb-text-136c50c1\"><span class=\"gb-shape\"><svg aria-hidden=\"true\" role=\"img\" height=\"1em\" width=\"1em\" viewBox=\"0 0 512 512\" xmlns=\"http:\/\/www.w3.org\/2000\/svg\"><path fill=\"currentColor\" d=\"M173.898 439.404l-166.4-166.4c-9.997-9.997-9.997-26.206 0-36.204l36.203-36.204c9.997-9.998 26.207-9.998 36.204 0L192 312.69 432.095 72.596c9.997-9.997 26.207-9.997 36.204 0l36.203 36.204c9.997 9.997 9.997 26.206 0 36.204l-294.4 294.401c-9.998 9.997-26.207 9.997-36.204-.001z\"><\/path><\/svg><\/span><span class=\"gb-text\">Mensualidad del mes 4 sin costo<\/span><\/li>\n\n\n\n<li class=\"gb-text-4d1f1c65\"><span class=\"gb-shape\"><svg aria-hidden=\"true\" role=\"img\" height=\"1em\" width=\"1em\" viewBox=\"0 0 512 512\" xmlns=\"http:\/\/www.w3.org\/2000\/svg\"><path fill=\"currentColor\" d=\"M173.898 439.404l-166.4-166.4c-9.997-9.997-9.997-26.206 0-36.204l36.203-36.204c9.997-9.998 26.207-9.998 36.204 0L192 312.69 432.095 72.596c9.997-9.997 26.207-9.997 36.204 0l36.203 36.204c9.997 9.997 9.997 26.206 0 36.204l-294.4 294.401c-9.998 9.997-26.207 9.997-36.204-.001z\"><\/path><\/svg><\/span><span class=\"gb-text\">Incluye Zapping Esencial<\/span><\/li>\n<\/ul>\n\n\n\n<div class=\"gb-element-38833b29\">\n<a class=\"gb-text-b1c3f412\" href=\"https:\/\/wa.me\/593996529589\"><span class=\"gb-shape\"><svg aria-hidden=\"true\" role=\"img\" height=\"1em\" width=\"1em\" viewBox=\"0 0 448 512\" xmlns=\"http:\/\/www.w3.org\/2000\/svg\"><path fill=\"currentColor\" d=\"M380.9 97.1C339 55.1 283.2 32 223.9 32c-122.4 0-222 99.6-222 222 0 39.1 10.2 77.3 29.6 111L0 480l117.7-30.9c32.4 17.7 68.9 27 106.1 27h.1c122.3 0 224.1-99.6 224.1-222 0-59.3-25.2-115-67.1-157zm-157 341.6c-33.2 0-65.7-8.9-94-25.7l-6.7-4-69.8 18.3L72 359.2l-4.4-7c-18.5-29.4-28.2-63.3-28.2-98.2 0-101.7 82.8-184.5 184.6-184.5 49.3 0 95.6 19.2 130.4 54.1 34.8 34.9 56.2 81.2 56.1 130.5 0 101.8-84.9 184.6-186.6 184.6zm101.2-138.2c-5.5-2.8-32.8-16.2-37.9-18-5.1-1.9-8.8-2.8-12.5 2.8-3.7 5.6-14.3 18-17.6 21.8-3.2 3.7-6.5 4.2-12 1.4-32.6-16.3-54-29.1-75.5-66-5.7-9.8 5.7-9.1 16.3-30.3 1.8-3.7.9-6.9-.5-9.7-1.4-2.8-12.5-30.1-17.1-41.2-4.5-10.8-9.1-9.3-12.5-9.5-3.2-.2-6.9-.2-10.6-.2-3.7 0-9.7 1.4-14.8 6.9-5.1 5.6-19.4 19-19.4 46.3 0 27.3 19.9 53.7 22.6 57.4 2.8 3.7 39.1 59.7 94.8 83.8 35.2 15.2 49 16.5 66.6 13.9 10.7-1.6 32.8-13.4 37.4-26.4 4.6-13 4.6-24.1 3.2-26.4-1.3-2.5-5-3.9-10.5-6.6z\"><\/path><\/svg><\/span><span class=\"gb-text\">Chatea por WhatsApp<\/span><\/a>\n<\/div>\n<\/div>\n\n\n\n<div class=\"gb-element-785a6cca\">\n<h2 class=\"wp-block-heading has-text-color has-link-color wp-elements-297b6ee656344bb12d6a9550235ee584\" id=\"Plan-Elite-\" style=\"color:#9c22e9\"><strong>Plan Elite<\/strong><\/h2>\n\n\n\n<div class=\"gb-text gb-text-f81bc854\">800 Mbps ,con Zapping  mas Disney Plus ,mas  conexi\u00f3n  con wifi 6<\/div>\n\n\n\n<div class=\"gb-element-aa4b4d46\">\n<p class=\"gb-text gb-text-3f4ba70a\">$27.37<\/p>\n<\/div>\n\n\n\n<ul class=\"gb-element-95619773\">\n<li class=\"gb-text-cf1a7d9c\"><span class=\"gb-shape\"><svg aria-hidden=\"true\" role=\"img\" height=\"1em\" width=\"1em\" viewBox=\"0 0 512 512\" xmlns=\"http:\/\/www.w3.org\/2000\/svg\"><path fill=\"currentColor\" d=\"M173.898 439.404l-166.4-166.4c-9.997-9.997-9.997-26.206 0-36.204l36.203-36.204c9.997-9.998 26.207-9.998 36.204 0L192 312.69 432.095 72.596c9.997-9.997 26.207-9.997 36.204 0l36.203 36.204c9.997 9.997 9.997 26.206 0 36.204l-294.4 294.401c-9.998 9.997-26.207 9.997-36.204-.001z\"><\/path><\/svg><\/span><span class=\"gb-text\">Instalaci\u00f3n sin costo<\/span><\/li>\n\n\n\n<li class=\"gb-text-7ccd33c3\"><span class=\"gb-shape\"><svg aria-hidden=\"true\" role=\"img\" height=\"1em\" width=\"1em\" viewBox=\"0 0 512 512\" xmlns=\"http:\/\/www.w3.org\/2000\/svg\"><path fill=\"currentColor\" d=\"M173.898 439.404l-166.4-166.4c-9.997-9.997-9.997-26.206 0-36.204l36.203-36.204c9.997-9.998 26.207-9.998 36.204 0L192 312.69 432.095 72.596c9.997-9.997 26.207-9.997 36.204 0l36.203 36.204c9.997 9.997 9.997 26.206 0 36.204l-294.4 294.401c-9.998 9.997-26.207 9.997-36.204-.001z\"><\/path><\/svg><\/span><span class=\"gb-text\">Mensualidad del mes 4 sin costo<\/span><\/li>\n\n\n\n<li class=\"gb-text-29e50320\"><span class=\"gb-shape\"><svg aria-hidden=\"true\" role=\"img\" height=\"1em\" width=\"1em\" viewBox=\"0 0 512 512\" xmlns=\"http:\/\/www.w3.org\/2000\/svg\"><path fill=\"currentColor\" d=\"M173.898 439.404l-166.4-166.4c-9.997-9.997-9.997-26.206 0-36.204l36.203-36.204c9.997-9.998 26.207-9.998 36.204 0L192 312.69 432.095 72.596c9.997-9.997 26.207-9.997 36.204 0l36.203 36.204c9.997 9.997 9.997 26.206 0 36.204l-294.4 294.401c-9.998 9.997-26.207 9.997-36.204-.001z\"><\/path><\/svg><\/span><span class=\"gb-text\">Incluye Zapping y Disney Plus <\/span><\/li>\n<\/ul>\n\n\n\n<div class=\"gb-element-d46aa30a\">\n<a class=\"gb-text-ea9b9432\" href=\"https:\/\/wa.me\/593996529589\"><span class=\"gb-shape\"><svg aria-hidden=\"true\" role=\"img\" height=\"1em\" width=\"1em\" viewBox=\"0 0 448 512\" xmlns=\"http:\/\/www.w3.org\/2000\/svg\"><path fill=\"currentColor\" d=\"M380.9 97.1C339 55.1 283.2 32 223.9 32c-122.4 0-222 99.6-222 222 0 39.1 10.2 77.3 29.6 111L0 480l117.7-30.9c32.4 17.7 68.9 27 106.1 27h.1c122.3 0 224.1-99.6 224.1-222 0-59.3-25.2-115-67.1-157zm-157 341.6c-33.2 0-65.7-8.9-94-25.7l-6.7-4-69.8 18.3L72 359.2l-4.4-7c-18.5-29.4-28.2-63.3-28.2-98.2 0-101.7 82.8-184.5 184.6-184.5 49.3 0 95.6 19.2 130.4 54.1 34.8 34.9 56.2 81.2 56.1 130.5 0 101.8-84.9 184.6-186.6 184.6zm101.2-138.2c-5.5-2.8-32.8-16.2-37.9-18-5.1-1.9-8.8-2.8-12.5 2.8-3.7 5.6-14.3 18-17.6 21.8-3.2 3.7-6.5 4.2-12 1.4-32.6-16.3-54-29.1-75.5-66-5.7-9.8 5.7-9.1 16.3-30.3 1.8-3.7.9-6.9-.5-9.7-1.4-2.8-12.5-30.1-17.1-41.2-4.5-10.8-9.1-9.3-12.5-9.5-3.2-.2-6.9-.2-10.6-.2-3.7 0-9.7 1.4-14.8 6.9-5.1 5.6-19.4 19-19.4 46.3 0 27.3 19.9 53.7 22.6 57.4 2.8 3.7 39.1 59.7 94.8 83.8 35.2 15.2 49 16.5 66.6 13.9 10.7-1.6 32.8-13.4 37.4-26.4 4.6-13 4.6-24.1 3.2-26.4-1.3-2.5-5-3.9-10.5-6.6z\"><\/path><\/svg><\/span><span class=\"gb-text\">Chatea por WhatsApp<\/span><\/a>\n<\/div>\n<\/div>\n\n\n\n<div class=\"gb-element-d5c5650a\">\n<h2 class=\"wp-block-heading has-text-color has-link-color wp-elements-d1c485be0165af4e7cf1b55d8fb66656\" id=\"Plan-Supreme-\" style=\"color:#a020f0\"><strong>Plan Supreme<\/strong><\/h2>\n\n\n\n<div class=\"gb-text gb-text-1adbba2c\">1000 Mbps ,con Zapping  , Disney Plus y Hbo Max , mas  conexi\u00f3n con  Wifi 6.<\/div>\n\n\n\n<div class=\"gb-element-20dda2f8\">\n<p class=\"gb-text gb-text-ab099e08\">$34<\/p>\n<\/div>\n\n\n\n<ul class=\"gb-element-1af96cd2\">\n<li class=\"gb-text-9deee60f\"><span class=\"gb-shape\"><svg aria-hidden=\"true\" role=\"img\" height=\"1em\" width=\"1em\" viewBox=\"0 0 512 512\" xmlns=\"http:\/\/www.w3.org\/2000\/svg\"><path fill=\"currentColor\" d=\"M173.898 439.404l-166.4-166.4c-9.997-9.997-9.997-26.206 0-36.204l36.203-36.204c9.997-9.998 26.207-9.998 36.204 0L192 312.69 432.095 72.596c9.997-9.997 26.207-9.997 36.204 0l36.203 36.204c9.997 9.997 9.997 26.206 0 36.204l-294.4 294.401c-9.998 9.997-26.207 9.997-36.204-.001z\"><\/path><\/svg><\/span><span class=\"gb-text\">Instalaci\u00f3n sin costo <\/span><\/li>\n\n\n\n<li class=\"gb-text-0667b446\"><span class=\"gb-shape\"><svg aria-hidden=\"true\" role=\"img\" height=\"1em\" width=\"1em\" viewBox=\"0 0 512 512\" xmlns=\"http:\/\/www.w3.org\/2000\/svg\"><path fill=\"currentColor\" d=\"M173.898 439.404l-166.4-166.4c-9.997-9.997-9.997-26.206 0-36.204l36.203-36.204c9.997-9.998 26.207-9.998 36.204 0L192 312.69 432.095 72.596c9.997-9.997 26.207-9.997 36.204 0l36.203 36.204c9.997 9.997 9.997 26.206 0 36.204l-294.4 294.401c-9.998 9.997-26.207 9.997-36.204-.001z\"><\/path><\/svg><\/span><span class=\"gb-text\">Mensualidad del mes 4 sin costo<\/span><\/li>\n\n\n\n<li class=\"gb-text-c1eb6673\"><span class=\"gb-shape\"><svg aria-hidden=\"true\" role=\"img\" height=\"1em\" width=\"1em\" viewBox=\"0 0 512 512\" xmlns=\"http:\/\/www.w3.org\/2000\/svg\"><path fill=\"currentColor\" d=\"M173.898 439.404l-166.4-166.4c-9.997-9.997-9.997-26.206 0-36.204l36.203-36.204c9.997-9.998 26.207-9.998 36.204 0L192 312.69 432.095 72.596c9.997-9.997 26.207-9.997 36.204 0l36.203 36.204c9.997 9.997 9.997 26.206 0 36.204l-294.4 294.401c-9.998 9.997-26.207 9.997-36.204-.001z\"><\/path><\/svg><\/span><span class=\"gb-text\">Incluye Zapping <\/span><\/li>\n\n\n\n<li class=\"gb-text-dfd42389\"><span class=\"gb-shape\"><svg aria-hidden=\"true\" role=\"img\" height=\"1em\" width=\"1em\" viewBox=\"0 0 512 512\" xmlns=\"http:\/\/www.w3.org\/2000\/svg\"><path fill=\"currentColor\" d=\"M173.898 439.404l-166.4-166.4c-9.997-9.997-9.997-26.206 0-36.204l36.203-36.204c9.997-9.998 26.207-9.998 36.204 0L192 312.69 432.095 72.596c9.997-9.997 26.207-9.997 36.204 0l36.203 36.204c9.997 9.997 9.997 26.206 0 36.204l-294.4 294.401c-9.998 9.997-26.207 9.997-36.204-.001z\"><\/path><\/svg><\/span><span class=\"gb-text\">Incluye Disney Plus y Hbo Max <\/span><\/li>\n<\/ul>\n\n\n\n<div class=\"gb-element-98aa5d0c\">\n<a class=\"gb-text-88e4b0ea\" href=\"https:\/\/wa.me\/593996529589\"><span class=\"gb-shape\"><svg aria-hidden=\"true\" role=\"img\" height=\"1em\" width=\"1em\" viewBox=\"0 0 448 512\" xmlns=\"http:\/\/www.w3.org\/2000\/svg\"><path fill=\"currentColor\" d=\"M380.9 97.1C339 55.1 283.2 32 223.9 32c-122.4 0-222 99.6-222 222 0 39.1 10.2 77.3 29.6 111L0 480l117.7-30.9c32.4 17.7 68.9 27 106.1 27h.1c122.3 0 224.1-99.6 224.1-222 0-59.3-25.2-115-67.1-157zm-157 341.6c-33.2 0-65.7-8.9-94-25.7l-6.7-4-69.8 18.3L72 359.2l-4.4-7c-18.5-29.4-28.2-63.3-28.2-98.2 0-101.7 82.8-184.5 184.6-184.5 49.3 0 95.6 19.2 130.4 54.1 34.8 34.9 56.2 81.2 56.1 130.5 0 101.8-84.9 184.6-186.6 184.6zm101.2-138.2c-5.5-2.8-32.8-16.2-37.9-18-5.1-1.9-8.8-2.8-12.5 2.8-3.7 5.6-14.3 18-17.6 21.8-3.2 3.7-6.5 4.2-12 1.4-32.6-16.3-54-29.1-75.5-66-5.7-9.8 5.7-9.1 16.3-30.3 1.8-3.7.9-6.9-.5-9.7-1.4-2.8-12.5-30.1-17.1-41.2-4.5-10.8-9.1-9.3-12.5-9.5-3.2-.2-6.9-.2-10.6-.2-3.7 0-9.7 1.4-14.8 6.9-5.1 5.6-19.4 19-19.4 46.3 0 27.3 19.9 53.7 22.6 57.4 2.8 3.7 39.1 59.7 94.8 83.8 35.2 15.2 49 16.5 66.6 13.9 10.7-1.6 32.8-13.4 37.4-26.4 4.6-13 4.6-24.1 3.2-26.4-1.3-2.5-5-3.9-10.5-6.6z\"><\/path><\/svg><\/span><span class=\"gb-text\">Chatea por WhatsApp<\/span><\/a>\n<\/div>\n<\/div>\n\n\n\n<div class=\"gb-element-4a47d34e\">\n<h2 class=\"wp-block-heading has-text-color has-link-color wp-elements-ae0584717b547d9f2361982bcaff73ed\" id=\"Plan-Essential\" style=\"color:#a020f0\"><strong>Plan Essential<\/strong><\/h2>\n\n\n\n<div class=\"gb-text gb-text-d6405c28\">300 Mbps con conexi\u00f3n Wifi 6.<\/div>\n\n\n\n<div class=\"gb-element-cef28be4\">\n<p class=\"gb-text gb-text-67a9af4f\">$17.83<\/p>\n<\/div>\n\n\n\n<ul class=\"gb-element-2db48bb9\">\n<li class=\"gb-text-ce017f9b\"><span class=\"gb-shape\"><svg aria-hidden=\"true\" role=\"img\" height=\"1em\" width=\"1em\" viewBox=\"0 0 512 512\" xmlns=\"http:\/\/www.w3.org\/2000\/svg\"><path fill=\"currentColor\" d=\"M173.898 439.404l-166.4-166.4c-9.997-9.997-9.997-26.206 0-36.204l36.203-36.204c9.997-9.998 26.207-9.998 36.204 0L192 312.69 432.095 72.596c9.997-9.997 26.207-9.997 36.204 0l36.203 36.204c9.997 9.997 9.997 26.206 0 36.204l-294.4 294.401c-9.998 9.997-26.207 9.997-36.204-.001z\"><\/path><\/svg><\/span><span class=\"gb-text\">Instalaci\u00f3n sin costo <\/span><\/li>\n\n\n\n<li class=\"gb-text-173a12dc\"><span class=\"gb-shape\"><svg aria-hidden=\"true\" role=\"img\" height=\"1em\" width=\"1em\" viewBox=\"0 0 512 512\" xmlns=\"http:\/\/www.w3.org\/2000\/svg\"><path fill=\"currentColor\" d=\"M173.898 439.404l-166.4-166.4c-9.997-9.997-9.997-26.206 0-36.204l36.203-36.204c9.997-9.998 26.207-9.998 36.204 0L192 312.69 432.095 72.596c9.997-9.997 26.207-9.997 36.204 0l36.203 36.204c9.997 9.997 9.997 26.206 0 36.204l-294.4 294.401c-9.998 9.997-26.207 9.997-36.204-.001z\"><\/path><\/svg><\/span><span class=\"gb-text\">Mensualidad del mes 4 sin costo<\/span><\/li>\n<\/ul>\n\n\n\n<div class=\"gb-element-79744e21\">\n<a class=\"gb-text-8a6a76a6\" href=\"https:\/\/wa.me\/593996529589\"><span class=\"gb-shape\"><svg aria-hidden=\"true\" role=\"img\" height=\"1em\" width=\"1em\" viewBox=\"0 0 448 512\" xmlns=\"http:\/\/www.w3.org\/2000\/svg\"><path fill=\"currentColor\" d=\"M380.9 97.1C339 55.1 283.2 32 223.9 32c-122.4 0-222 99.6-222 222 0 39.1 10.2 77.3 29.6 111L0 480l117.7-30.9c32.4 17.7 68.9 27 106.1 27h.1c122.3 0 224.1-99.6 224.1-222 0-59.3-25.2-115-67.1-157zm-157 341.6c-33.2 0-65.7-8.9-94-25.7l-6.7-4-69.8 18.3L72 359.2l-4.4-7c-18.5-29.4-28.2-63.3-28.2-98.2 0-101.7 82.8-184.5 184.6-184.5 49.3 0 95.6 19.2 130.4 54.1 34.8 34.9 56.2 81.2 56.1 130.5 0 101.8-84.9 184.6-186.6 184.6zm101.2-138.2c-5.5-2.8-32.8-16.2-37.9-18-5.1-1.9-8.8-2.8-12.5 2.8-3.7 5.6-14.3 18-17.6 21.8-3.2 3.7-6.5 4.2-12 1.4-32.6-16.3-54-29.1-75.5-66-5.7-9.8 5.7-9.1 16.3-30.3 1.8-3.7.9-6.9-.5-9.7-1.4-2.8-12.5-30.1-17.1-41.2-4.5-10.8-9.1-9.3-12.5-9.5-3.2-.2-6.9-.2-10.6-.2-3.7 0-9.7 1.4-14.8 6.9-5.1 5.6-19.4 19-19.4 46.3 0 27.3 19.9 53.7 22.6 57.4 2.8 3.7 39.1 59.7 94.8 83.8 35.2 15.2 49 16.5 66.6 13.9 10.7-1.6 32.8-13.4 37.4-26.4 4.6-13 4.6-24.1 3.2-26.4-1.3-2.5-5-3.9-10.5-6.6z\"><\/path><\/svg><\/span><span class=\"gb-text\">Chatea por WhatsApp<\/span><\/a>\n<\/div>\n<\/div>\n<\/div>\n<\/div>\n<\/div>\n\n\n\n<div class=\"gb-element-d0152323\">\n<div class=\"gb-element-7d593136\">\n<div class=\"gb-element-aa435298\">\n<h2 class=\"gb-text gb-text-8cff8133\"><strong>Xtrim con Zapping<\/strong><\/h2>\n\n\n\n<p class=\"gb-text gb-text-fc311daf\">Tambi\u00e9n puedes contratar un plan de Zapping con los partidos de la liga Ecuabet .<\/p>\n<\/div>\n\n\n\n<div class=\"gb-element-85b03606\">\n<div class=\"gb-element-dd24727a\">\n<div class=\"gb-text gb-text-04d76823\">Plan Pro <\/div>\n\n\n\n<div class=\"gb-text gb-text-7efa8b05\">40 canales mas Liga Ecuabet .<\/div>\n\n\n\n<div class=\"gb-element-50420e19\">\n<p class=\"gb-text gb-text-83e02808\">$11.90<\/p>\n\n\n\n<p class=\"gb-text gb-text-71e4fb1a\">\/mensual<\/p>\n<\/div>\n\n\n\n<div class=\"gb-element-169f0eb1\">\n<div class=\"wp-block-buttons is-layout-flex wp-block-buttons-is-layout-flex\">\n<div class=\"wp-block-button has-custom-width wp-block-button__width-100\"><a class=\"wp-block-button__link wp-element-button\" href=\"https:\/\/wa.me\/593996529589\" style=\"border-top-left-radius:21px;border-top-right-radius:21px;border-bottom-left-radius:21px;border-bottom-right-radius:21px\">Pregunta por WhatsApp<\/a><\/div>\n<\/div>\n<\/div>\n<\/div>\n\n\n\n<div class=\"gb-element-6ed9b8e6\">\n<div class=\"gb-text gb-text-02c6b20b\">Plan Plus <\/div>\n\n\n\n<div class=\"gb-text gb-text-32109adf\">40 canales mas Liga Ecuabet mas Disney Plus<\/div>\n\n\n\n<div class=\"gb-element-554914de\">\n<p class=\"gb-text gb-text-f74f85a8\">$19.90<\/p>\n\n\n\n<p class=\"gb-text gb-text-c938c345\">\/mensual <\/p>\n<\/div>\n\n\n\n<div class=\"gb-element-4c59fc08\">\n<div class=\"wp-block-buttons is-layout-flex wp-block-buttons-is-layout-flex\">\n<div class=\"wp-block-button has-custom-width wp-block-button__width-100\"><a class=\"wp-block-button__link has-small-font-size has-custom-font-size wp-element-button\" href=\"https:\/\/wa.me\/593996529589\" style=\"border-top-left-radius:82px;border-top-right-radius:82px;border-bottom-left-radius:82px;border-bottom-right-radius:82px\">Pregunta por WhatsApp<\/a><\/div>\n<\/div>\n<\/div>\n<\/div>\n\n\n\n<div class=\"gb-element-11ac05b5\">\n<div class=\"gb-text gb-text-f8093d14\">Plan Premiun <\/div>\n\n\n\n<div class=\"gb-text gb-text-59da5d6d\">100 canales mas liga Ecuabet mas Disney Plus .<\/div>\n\n\n\n<div class=\"gb-element-245e1845\">\n<p class=\"gb-text gb-text-76e3fc7a\">$28.90<\/p>\n\n\n\n<p class=\"gb-text gb-text-e8d6b1d1\">\/mes <\/p>\n<\/div>\n\n\n\n<div class=\"gb-element-81ed2e82\">\n<div class=\"wp-block-buttons is-layout-flex wp-block-buttons-is-layout-flex\">\n<div class=\"wp-block-button\"><a class=\"wp-block-button__link wp-element-button\" href=\"https:\/\/wa.me\/593996529589\" style=\"border-top-left-radius:24px;border-top-right-radius:24px;border-bottom-left-radius:24px;border-bottom-right-radius:24px\">Pregunta Por WhatsApp<\/a><\/div>\n<\/div>\n<\/div>\n<\/div>\n<\/div>\n<\/div>\n<\/div>\n\n\n\n<p class=\"has-text-align-center has-large-font-size\"><strong>\u00bfTienes preguntas ?<\/strong><\/p>\n\n\n\n<p class=\"has-text-align-center has-medium-font-size\" id=\"Formulario-de-contacto\">Estoy listo para ayudarte , registrate en el formulario de contacto .<\/p>\n\n\n\n<div class=\"wp-block-contact-form-7-contact-form-selector\">\n<div class=\"wpcf7 no-js\" id=\"wpcf7-f32-o1\" lang=\"es-ES\" dir=\"ltr\" data-wpcf7-id=\"32\">\n<div class=\"screen-reader-response\"><p role=\"status\" aria-live=\"polite\" aria-atomic=\"true\"><\/p> <ul><\/ul><\/div>\n<form action=\"\/index.php\/wp-json\/wp\/v2\/pages\/9#wpcf7-f32-o1\" method=\"post\" class=\"wpcf7-form init\" aria-label=\"Formulario de contacto\" novalidate=\"novalidate\" data-status=\"init\">\n<fieldset class=\"hidden-fields-container\"><input type=\"hidden\" name=\"_wpcf7\" value=\"32\" \/><input type=\"hidden\" name=\"_wpcf7_version\" value=\"6.1.5\" \/><input type=\"hidden\" name=\"_wpcf7_locale\" value=\"es_ES\" \/><input type=\"hidden\" name=\"_wpcf7_unit_tag\" value=\"wpcf7-f32-o1\" \/><input type=\"hidden\" name=\"_wpcf7_container_post\" value=\"0\" \/><input type=\"hidden\" name=\"_wpcf7_posted_data_hash\" value=\"\" \/>\n<\/fieldset>\n<p>D\u00e9janos tu n\u00famero de contacto y en breve un asesor se comunicar\u00e1 contigo.\n<\/p>\n<p><span class=\"wpcf7-form-control-wrap\" data-name=\"telefono\"><input size=\"40\" maxlength=\"400\" class=\"wpcf7-form-control wpcf7-tel wpcf7-validates-as-required wpcf7-text wpcf7-validates-as-tel\" aria-required=\"true\" aria-invalid=\"false\" placeholder=\"Ej: 0998748008\" value=\"\" type=\"tel\" name=\"telefono\" \/><\/span>\n<\/p>\n<p><span class=\"wpcf7-form-control-wrap\" data-name=\"privacidad\"><span class=\"wpcf7-form-control wpcf7-acceptance\"><span class=\"wpcf7-list-item\"><label><input type=\"checkbox\" name=\"privacidad\" value=\"1\" aria-invalid=\"false\" \/><span class=\"wpcf7-list-item-label\">He le\u00eddo y acepto la <a href=\"https:\/\/internethogarec.com\/index.php\/privacy-policy\/\" target=\"_blank\">pol\u00edtica de privacidad<\/a>.<\/span><\/label><\/span><\/span><\/span>\n<\/p>\n<p><input class=\"wpcf7-form-control wpcf7-submit has-spinner\" type=\"submit\" value=\"Enviar\" \/>\n<\/p><div class=\"wpcf7-response-output\" aria-hidden=\"true\"><\/div>\n<\/form>\n<\/div>\n<\/div>\n\n\n\n<div class=\"gb-element-6e1534a8\" id=\"contacto\">\n<p class=\"has-medium-font-size\"><strong>Asesor de Xtrim <\/strong><\/p>\n\n\n\n<p>Este sitio web es administrado por un vendedor autorizado de Xtrim y tiene como finalidad brindar informaci\u00f3n y asesor\u00eda para la contrataci\u00f3n de servicios de internet y entretenimiento ofrecidos por Xtrim.<br>Esta p\u00e1gina no corresponde al sitio web oficial de Xtrim<\/p>\n\n\n\n<p class=\"has-small-font-size\">Conexi\u00f3n r\u00e1pida y estable para toda tu familia<\/p>\n\n\n\n<p><\/p>\n\n\n\n<p class=\"has-small-font-size\">Correo electr\u00f3nico : constanteoswaldo44@gmail.com<\/p>\n\n\n\n<p>Tel\u00e9fono de contacto: <a href=\"tel: +593996529589\">tel: +593996529589<\/a><\/p>\n\n\n\n<p class=\"has-small-font-size\">Aviso Legal :<a href=\"https:\/\/internethogarec.com\/index.php\/privacy-policy\/\" data-type=\"page\" data-id=\"3\">Pol\u00edtica de Privacidad y tratamiento de datos<\/a><\/p>\n<\/div>\n\n\n\n<p><\/p>\n","protected":false},"excerpt":{"rendered":"<p>CONEXI\u00d3N Internet Xtrim te conecta con la m\u00e1xima velocidad y estabilidad ,disfruta de streaming, gaming y clases online sin interrupciones \u00bfPorque elegir Internet Xtrim ? Ofrecemos la mejor combinaci\u00f3n de velocidad, estabilidad y servicio al cliente nuestros planes incluyen equipos de alta gama con entretenimiento online. Planes dise\u00f1ados para ti Elige el plan perfecto para &#8230; <a title=\"Asesor Comercial de Xtrim\" class=\"read-more\" href=\"https:\/\/internethogarec.com\/\" aria-label=\"Leer m\u00e1s sobre Asesor Comercial de Xtrim\">Leer m\u00e1s<\/a><\/p>\n","protected":false},"author":1,"featured_media":0,"parent":0,"menu_order":0,"comment_status":"closed","ping_status":"closed","template":"","meta":{"footnotes":""},"class_list":["post-9","page","type-page","status-publish"],"_links":{"self":[{"href":"https:\/\/internethogarec.com\/index.php\/wp-json\/wp\/v2\/pages\/9","targetHints":{"allow":["GET"]}}],"collection":[{"href":"https:\/\/internethogarec.com\/index.php\/wp-json\/wp\/v2\/pages"}],"about":[{"href":"https:\/\/internethogarec.com\/index.php\/wp-json\/wp\/v2\/types\/page"}],"author":[{"embeddable":true,"href":"https:\/\/internethogarec.com\/index.php\/wp-json\/wp\/v2\/users\/1"}],"replies":[{"embeddable":true,"href":"https:\/\/internethogarec.com\/index.php\/wp-json\/wp\/v2\/comments?post=9"}],"version-history":[{"count":72,"href":"https:\/\/internethogarec.com\/index.php\/wp-json\/wp\/v2\/pages\/9\/revisions"}],"predecessor-version":[{"id":206,"href":"https:\/\/internethogarec.com\/index.php\/wp-json\/wp\/v2\/pages\/9\/revisions\/206"}],"wp:attachment":[{"href":"https:\/\/internethogarec.com\/index.php\/wp-json\/wp\/v2\/media?parent=9"}],"curies":[{"name":"wp","href":"https:\/\/api.w.org\/{rel}","templated":true}]}}